{"id":142,"date":"2014-03-12T08:58:21","date_gmt":"2014-03-12T07:58:21","guid":{"rendered":"http:\/\/www.escursioninatura.it\/?page_id=142"},"modified":"2022-02-08T22:51:58","modified_gmt":"2022-02-08T21:51:58","slug":"le-valli-e-le-vette-ossolane","status":"publish","type":"page","link":"http:\/\/www.escursioninatura.it\/?page_id=142","title":{"rendered":"Le valli e le vette Ossolane"},"content":{"rendered":"<p style=\"text-align: justify;\"><span style=\"color: #000000;\">Si tratta di un&#8217;escursione che richiede una buona e resistente predisposizione al cammino e al muoversi in ambiente di montagna! La durata dell&#8217;escursione \u00e8 di una giornata, comprese le eventuali soste e la pausa con pranzo al sacco! Volendo \u00e8 possibile richiedere un&#8217;escursione di pi\u00f9 giorni, che prevede il pernottamento in bivacchi incustoditi offerti dai comuni montani, dai parchi regionali o da associazioni e che offrono letti o brandine o tavolato in legno per dormire, stufa o camino, tavoli e sedie! Per quanto riguarda il cibo e le stoviglie minime personali, devono essere portati dagli stessi partecipanti all&#8217;escursione! La presenza di sorgenti o fontane presso i bivacchi o lungo i sentieri, non \u00e8 sempre certa, per cui \u00e8 sempre meglio premunirsi con scorte d&#8217;acqua proprie ( almeno 2, 3 L ).<\/span><\/p>\n","protected":false},"excerpt":{"rendered":"<p>Si tratta di un&#8217;escursione che richiede una buona e resistente predisposizione al cammino e al muoversi in ambiente di montagna! La durata dell&#8217;escursione \u00e8 di una giornata, comprese le eventuali soste e la pausa con pranzo al sacco! Volendo \u00e8 &hellip; <a href=\"http:\/\/www.escursioninatura.it\/?page_id=142\">Continua a leggere<span class=\"meta-nav\">&rarr;<\/span><\/a><\/p>\n","protected":false},"author":1,"featured_media":0,"parent":128,"menu_order":6,"comment_status":"closed","ping_status":"closed","template":"","meta":[],"_links":{"self":[{"href":"http:\/\/www.escursioninatura.it\/index.php?rest_route=\/wp\/v2\/pages\/142"}],"collection":[{"href":"http:\/\/www.escursioninatura.it\/index.php?rest_route=\/wp\/v2\/pages"}],"about":[{"href":"http:\/\/www.escursioninatura.it\/index.php?rest_route=\/wp\/v2\/types\/page"}],"author":[{"embeddable":true,"href":"http:\/\/www.escursioninatura.it\/index.php?rest_route=\/wp\/v2\/users\/1"}],"replies":[{"embeddable":true,"href":"http:\/\/www.escursioninatura.it\/index.php?rest_route=%2Fwp%2Fv2%2Fcomments&post=142"}],"version-history":[{"count":4,"href":"http:\/\/www.escursioninatura.it\/index.php?rest_route=\/wp\/v2\/pages\/142\/revisions"}],"predecessor-version":[{"id":324,"href":"http:\/\/www.escursioninatura.it\/index.php?rest_route=\/wp\/v2\/pages\/142\/revisions\/324"}],"up":[{"embeddable":true,"href":"http:\/\/www.escursioninatura.it\/index.php?rest_route=\/wp\/v2\/pages\/128"}],"wp:attachment":[{"href":"http:\/\/www.escursioninatura.it\/index.php?rest_route=%2Fwp%2Fv2%2Fmedia&parent=142"}],"curies":[{"name":"wp","href":"https:\/\/api.w.org\/{rel}","templated":true}]}}