{"id":115,"date":"2014-02-08T22:28:19","date_gmt":"2014-02-08T21:28:19","guid":{"rendered":"http:\/\/www.escursioninatura.it\/?page_id=115"},"modified":"2015-02-17T18:48:37","modified_gmt":"2015-02-17T17:48:37","slug":"calendario-escursioni","status":"publish","type":"page","link":"http:\/\/www.escursioninatura.it\/?page_id=115","title":{"rendered":"CALENDARIO ESCURSIONI"},"content":{"rendered":"<p>Tra le escursioni qui di seguito presentate, il <strong>Cliente<\/strong> o il <strong>Gruppo di Clienti<\/strong>, pu\u00f2 scegliere l&#8217;itinerario che vuole compiere e che \u00e8 pi\u00f9 di suo interesse o di sua curiosit\u00e0, facendone richiesta poi al sottoscritto e concordandone gli aspetti organizzativi.<\/p>\n<p><strong>Andrea Vanetti<\/strong><\/p>\n<p><strong>Tel. 340 799 1165<\/strong><\/p>\n<p><strong>mail:\u00a0\u00a0 andrea.vanetti.84@gmail.com<\/strong><\/p>\n<p><strong><span style=\"color: #ff0000;\">Scegli il territorio e le varie proposte che contiene:<\/span><\/strong><\/p>\n<p><a title=\"Escursioni nel Parco Nazionale della Val Grande\" href=\"http:\/\/www.escursioninatura.it\/?page_id=187\">Val Grande <\/a><\/p>\n<p><a title=\"L\u2019 Alto Verbano\" href=\"http:\/\/www.escursioninatura.it\/?page_id=234\">L&#8217;alto Verbano<\/a><\/p>\n<p><a title=\"Terre d\u2019Ossola\" href=\"http:\/\/www.escursioninatura.it\/?page_id=221\">Terre d&#8217;Ossola<\/a><\/p>\n<p><a title=\"La Valle Strona\" href=\"http:\/\/www.escursioninatura.it\/?page_id=250\">Valle Strona<\/a><\/p>\n<p><a title=\"Il Mottarone e i suoi dintorni\" href=\"http:\/\/www.escursioninatura.it\/?page_id=258\">Mottarone e dintorni<\/a><\/p>\n","protected":false},"excerpt":{"rendered":"<p>Tra le escursioni qui di seguito presentate, il Cliente o il Gruppo di Clienti, pu\u00f2 scegliere l&#8217;itinerario che vuole compiere e che \u00e8 pi\u00f9 di suo interesse o di sua curiosit\u00e0, facendone richiesta poi al sottoscritto e concordandone gli aspetti &hellip; <a href=\"http:\/\/www.escursioninatura.it\/?page_id=115\">Continua a leggere<span class=\"meta-nav\">&rarr;<\/span><\/a><\/p>\n","protected":false},"author":1,"featured_media":0,"parent":0,"menu_order":3,"comment_status":"closed","ping_status":"closed","template":"","meta":[],"_links":{"self":[{"href":"http:\/\/www.escursioninatura.it\/index.php?rest_route=\/wp\/v2\/pages\/115"}],"collection":[{"href":"http:\/\/www.escursioninatura.it\/index.php?rest_route=\/wp\/v2\/pages"}],"about":[{"href":"http:\/\/www.escursioninatura.it\/index.php?rest_route=\/wp\/v2\/types\/page"}],"author":[{"embeddable":true,"href":"http:\/\/www.escursioninatura.it\/index.php?rest_route=\/wp\/v2\/users\/1"}],"replies":[{"embeddable":true,"href":"http:\/\/www.escursioninatura.it\/index.php?rest_route=%2Fwp%2Fv2%2Fcomments&post=115"}],"version-history":[{"count":11,"href":"http:\/\/www.escursioninatura.it\/index.php?rest_route=\/wp\/v2\/pages\/115\/revisions"}],"predecessor-version":[{"id":273,"href":"http:\/\/www.escursioninatura.it\/index.php?rest_route=\/wp\/v2\/pages\/115\/revisions\/273"}],"wp:attachment":[{"href":"http:\/\/www.escursioninatura.it\/index.php?rest_route=%2Fwp%2Fv2%2Fmedia&parent=115"}],"curies":[{"name":"wp","href":"https:\/\/api.w.org\/{rel}","templated":true}]}}